{"id":27610,"date":"2016-12-02T02:27:28","date_gmt":"2016-12-02T02:27:28","guid":{"rendered":"https:\/\/ariogroup-tr.com\/contact\/"},"modified":"2021-12-10T21:51:26","modified_gmt":"2021-12-10T21:51:26","slug":"%d1%81%d0%b2%d1%8f%d0%b6%d0%b8%d1%82%d0%b5%d1%81%d1%8c-%d1%81-%d0%bd%d0%b0%d0%bc%d0%b8","status":"publish","type":"page","link":"https:\/\/ariogroup-tr.com\/ru\/%d1%81%d0%b2%d1%8f%d0%b6%d0%b8%d1%82%d0%b5%d1%81%d1%8c-%d1%81-%d0%bd%d0%b0%d0%bc%d0%b8\/","title":{"rendered":"\u0441\u0432\u044f\u0436\u0438\u0442\u0435\u0441\u044c \u0441 \u043d\u0430\u043c\u0438"},"content":{"rendered":"<div class=\"wpb-content-wrapper\"><p>[vc_row full_width=&#187;stretch_row_content_no_spaces&#187;][vc_column][g5plus_google_map markers=&#187;%5B%7B%22lat%22%3A%2241.0214%22%2C%22lng%22%3A%2228.6307%22%2C%22icon%22%3A%22178%22%7D%5D&#187; api_key=&#187;AIzaSyBDGC07S_HKiM6qg_zoNkffqxTr1S1kuV0&#8243;][\/vc_column][\/vc_row][vc_row][vc_column][g5plus_space desktop=&#187;100&#8243; tablet=&#187;80&#8243; tablet_portrait=&#187;60&#8243; mobile_landscape=&#187;50&#8243; mobile=&#187;40&#8243;][\/vc_column][vc_column offset=&#187;vc_col-md-6&#8243;][g5plus_heading layout_style=&#187;style2&#8243; title=&#187;\u0441\u0432\u044f\u0436\u0438\u0442\u0435\u0441\u044c \u0441 \u043d\u0430\u043c\u0438&#187; css=&#187;.vc_custom_1639078715904{margin-bottom: 30px !important;}&#187;][g5plus_icon_box layout_style=&#187;layout-left&#187; icon_font=&#187;icon-location22&#8243; title=&#187;\u0413\u043e\u043b\u043e\u0432\u043d\u043e\u0439 \u043e\u0444\u0438\u0441&#187; description=&#187;Burc Istanbul i\u015f merkezi G\u00f6kevler Mah, 2312 Sk. 18. Blok, ofis No. : 270 kat : 30 Beylikd\u00fcz\u00fc\/\u0130stanbul&#187; css=&#187;.vc_custom_1639078753633{margin-bottom: 50px !important;}&#187;][g5plus_icon_box layout_style=&#187;layout-left&#187; icon_font=&#187;&#187; title=&#187;\u041d\u043e\u043c\u0435\u0440 \u0442\u0435\u043b\u0435\u0444\u043e\u043d\u0430&#187; description=&#187;00905465103229&#8243; link=&#187;url:http%3A%2F%2Fwa.me%2F905465103229|title:whatsapp&#187; css=&#187;.vc_custom_1639078772275{margin-bottom: 50px !important;}&#187;][g5plus_icon_box layout_style=&#187;layout-left&#187; icon_font=&#187;icon-mail-envelope-open2&#8243; title=&#187;\u042d\u043b. \u0430\u0434\u0440\u0435\u0441&#187; description=&#187;Info@ariogroup-tr.com&#187; css=&#187;.vc_custom_1639078787618{margin-bottom: 50px !important;}&#187;][\/vc_column][vc_column offset=&#187;vc_col-md-6&#8243;][g5plus_heading layout_style=&#187;style2&#8243; title=&#187;\u0424\u0438\u043b\u0438\u0430\u043b\u044b \u043a\u043e\u043c\u043f\u0430\u043d\u0438\u0438&#187; css=&#187;.vc_custom_1639078806326{margin-bottom: 33px !important;}&#187;][vc_tta_tour active_section=&#187;1&#8243;][vc_tta_section title=&#187;istanbul&#187; tab_id=&#187;1487304060531-c8a53037-f97c&#187;][vc_raw_html]JTNDdWwlMjBjbGFzcyUzRCUyMmZvb3Rlci1nZXQtaW4tdG91Y2glMjIlM0UlMEElM0NsaSUzRSUzQ3NwYW4lMjBjbGFzcyUzRCUyMnRleHQtY29sb3ItYWNjZW50JTIwZmElMjBmYS1tYXAtbWFya2VyJTIyJTNFJTNDJTJGc3BhbiUzRSUzQ3NwYW4lM0VCdXJjJTIwSXN0YW5idWwlMjBpJUM1JTlGJTIwbWVya2V6aSUyMEclQzMlQjZrZXZsZXIlMjBNYWglMkMlMjAyMzEyJTIwU2suJTIwMTguJTIwQmxvayUyQyUyMG9maXMlMjBOby4lMjAlM0ElMjAyNzAlMjBrYXQlMjAlM0ElMjAzMCUyMEJleWxpa2QlQzMlQkN6JUMzJUJDJTJGJUM0JUIwc3RhbmJ1bCUzQyUyRnNwYW4lM0UlM0MlMkZsaSUzRSUwQSUwOSUzQ2xpJTNFJTNDc3BhbiUyMGNsYXNzJTNEJTIydGV4dC1jb2xvci1hY2NlbnQlMjBmYSUyMGZhLXBob25lJTIyJTNFJTNDJTJGc3BhbiUzRSUzQ3NwYW4lM0UwMDkwNTQ2NTEwMzIyOSUzQyUyRnNwYW4lM0UlM0MlMkZsaSUzRSUwQSUwOSUzQ2xpJTNFJTNDc3BhbiUyMGNsYXNzJTNEJTIydGV4dC1jb2xvci1hY2NlbnQlMjBmYSUyMGZhLWVudmVsb3BlJTIyJTNFJTNDJTJGc3BhbiUzRSUzQ3NwYW4lM0VJbmZvJTQwYXJpb2dyb3VwLXRyLmNvbSUzRSUzQyUyRmxpJTNFJTBBJTNDJTJGdWwlM0U=[\/vc_raw_html][g5plus_google_map markers=&#187;%5B%7B%22lat%22%3A%2241.0214%22%2C%22lng%22%3A%2228.6307%22%2C%22icon%22%3A%22553%22%7D%5D&#187; api_key=&#187;AIzaSyBDGC07S_HKiM6qg_zoNkffqxTr1S1kuV0&#8243; map_height=&#187;177px&#187; css=&#187;.vc_custom_1629319736423{margin-top: 30px !important;}&#187;][\/vc_tta_section][\/vc_tta_tour][\/vc_column][vc_column][g5plus_space desktop=&#187;80&#8243; tablet=&#187;60&#8243; tablet_portrait=&#187;40&#8243; mobile_landscape=&#187;40&#8243; mobile=&#187;40&#8243;][\/vc_column][\/vc_row][vc_row css=&#187;.vc_custom_1487304786882{margin-bottom: 100px !important;}&#187;][vc_column][g5plus_heading layout_style=&#187;style2&#8243; title=&#187;\u041a\u0430\u043a \u043c\u044b \u043c\u043e\u0436\u0435\u043c \u043f\u043e\u043c\u043e\u0447\u044c&#187; css=&#187;.vc_custom_1639078580551{margin-bottom: 37px !important;}&#187;]\n<div class=\"wpcf7 no-js\" id=\"wpcf7-f27669-o1\" lang=\"en-US\" dir=\"ltr\" data-wpcf7-id=\"27669\">\n<div class=\"screen-reader-response\"><p role=\"status\" aria-live=\"polite\" aria-atomic=\"true\"><\/p> <ul><\/ul><\/div>\n<form action=\"\/ru\/wp-json\/wp\/v2\/pages\/27610#wpcf7-f27669-o1\" method=\"post\" class=\"wpcf7-form init\" aria-label=\"Contact form\" novalidate=\"novalidate\" data-status=\"init\">\n<fieldset class=\"hidden-fields-container\"><input type=\"hidden\" name=\"_wpcf7\" value=\"27669\" \/><input type=\"hidden\" name=\"_wpcf7_version\" value=\"6.1.5\" \/><input type=\"hidden\" name=\"_wpcf7_locale\" value=\"en_US\" \/><input type=\"hidden\" name=\"_wpcf7_unit_tag\" value=\"wpcf7-f27669-o1\" \/><input type=\"hidden\" name=\"_wpcf7_container_post\" value=\"0\" \/><input type=\"hidden\" name=\"_wpcf7_posted_data_hash\" value=\"\" \/>\n<\/fieldset>\n<div class=\"g5plus-contact-form column-2 row\">\n\t<div class=\"col-md-6 col-sm-12 col-xs-12\">\n\t\t<p><span class=\"wpcf7-form-control-wrap\" data-name=\"your-name\"><input size=\"40\" maxlength=\"400\" class=\"wpcf7-form-control wpcf7-text\" aria-invalid=\"false\" placeholder=\"\u0424\u0418\u041e)\" value=\"\" type=\"text\" name=\"your-name\" \/><\/span>\n\t\t<\/p>\n\t<\/div>\n\t<div class=\"col-md-6 col-sm-12 col-xs-12\">\n\t\t<p><span class=\"wpcf7-form-control-wrap\" data-name=\"your-email\"><input size=\"40\" maxlength=\"400\" class=\"wpcf7-form-control wpcf7-email wpcf7-validates-as-required wpcf7-text wpcf7-validates-as-email\" aria-required=\"true\" aria-invalid=\"false\" placeholder=\"\u042d\u043b. \u0430\u0434\u0440\u0435\u0441\" value=\"\" type=\"email\" name=\"your-email\" \/><\/span>\n\t\t<\/p>\n\t<\/div>\n\t<div class=\"col-xs-12\">\n\t\t<p><span class=\"wpcf7-form-control-wrap\" data-name=\"your-subject\"><input size=\"40\" maxlength=\"400\" class=\"wpcf7-form-control wpcf7-tel wpcf7-validates-as-required wpcf7-text wpcf7-validates-as-tel\" aria-required=\"true\" aria-invalid=\"false\" placeholder=\"\u041d\u043e\u043c\u0435\u0440 \u0442\u0435\u043b\u0435\u0444\u043e\u043d\u0430\" value=\"\" type=\"tel\" name=\"your-subject\" \/><\/span>\n\t\t<\/p>\n\t<\/div>\n\t<div class=\"col-xs-12\">\n\t\t<p><span class=\"wpcf7-form-control-wrap\" data-name=\"your-message\"><textarea cols=\"40\" rows=\"10\" maxlength=\"2000\" class=\"wpcf7-form-control wpcf7-textarea\" aria-invalid=\"false\" placeholder=\"\u0422\u0435\u043a\u0441\u0442\" name=\"your-message\"><\/textarea><\/span>\n\t\t<\/p>\n\t<\/div>\n\t<div class=\"col-xs-12\">\n\t\t<p><button type=\"submit\" class=\"btn btn-lg btn-dark btn-classic btn-icon\" ><i class=\"fa fa-paper-plane\"><\/i><span>\u043e\u0442\u043f\u0440\u0430\u0432\u0438\u0442\u044c<\/span><\/button>\n\t\t<\/p>\n\t<\/div>\n<\/div><div class=\"wpcf7-response-output\" aria-hidden=\"true\"><\/div>\n<\/form>\n<\/div>\n[\/vc_column][\/vc_row]<\/p>\n<\/div>","protected":false},"excerpt":{"rendered":"<p>[vc_row full_width=&#187;stretch_row_content_no_spaces&#187;][vc_column][g5plus_google_map markers=&#187;%5B%7B%22lat%22%3A%2241.0214%22%2C%22lng%22%3A%2228.6307%22%2C%22icon%22%3A%22178%22%7D%5D&#187; api_key=&#187;AIzaSyBDGC07S_HKiM6qg_zoNkffqxTr1S1kuV0&#8243;][\/vc_column][\/vc_row][vc_row][vc_column][g5plus_space desktop=&#187;100&#8243; tablet=&#187;80&#8243; tablet_portrait=&#187;60&#8243; mobile_landscape=&#187;50&#8243; mobile=&#187;40&#8243;][\/vc_column][vc_column offset=&#187;vc_col-md-6&#8243;][g5plus_heading layout_style=&#187;style2&#8243; title=&#187;\u0441\u0432\u044f\u0436\u0438\u0442\u0435\u0441\u044c \u0441 \u043d\u0430\u043c\u0438&#187; css=&#187;.vc_custom_1639078715904{margin-bottom: 30px !important;}&#187;][g5plus_icon_box layout_style=&#187;layout-left&#187; icon_font=&#187;icon-location22&#8243; title=&#187;\u0413\u043e\u043b\u043e\u0432\u043d\u043e\u0439 \u043e\u0444\u0438\u0441&#187; description=&#187;Burc Istanbul i\u015f merkezi G\u00f6kevler Mah, 2312 Sk. 18. Blok, ofis No. : 270 kat : 30 Beylikd\u00fcz\u00fc\/\u0130stanbul&#187; css=&#187;.vc_custom_1639078753633{margin-bottom: 50px !important;}&#187;][g5plus_icon_box layout_style=&#187;layout-left&#187; icon_font=&#187;&#187; title=&#187;\u041d\u043e\u043c\u0435\u0440 \u0442\u0435\u043b\u0435\u0444\u043e\u043d\u0430&#187; description=&#187;00905465103229&#8243; link=&#187;url:http%3A%2F%2Fwa.me%2F905465103229|title:whatsapp&#187; css=&#187;.vc_custom_1639078772275{margin-bottom: 50px !important;}&#187;][g5plus_icon_box layout_style=&#187;layout-left&#187; icon_font=&#187;icon-mail-envelope-open2&#8243; title=&#187;\u042d\u043b. \u0430\u0434\u0440\u0435\u0441&#187; [&hellip;]<\/p>\n","protected":false},"author":1,"featured_media":27599,"parent":0,"menu_order":0,"comment_status":"closed","ping_status":"closed","template":"","meta":{"footnotes":""},"class_list":["post-27610","page","type-page","status-publish","has-post-thumbnail","hentry"],"yoast_head":"<!-- This site is optimized with the Yoast SEO plugin v27.4 - https:\/\/yoast.com\/product\/yoast-seo-wordpress\/ -->\n<title>best of Turkey real estates get it by contacting us - Ario Real estates<\/title>\n<meta name=\"description\" content=\"Turkey real estates - Get the best housing and investment offers in Turkish cities \u0634\u0649\u064a Turkish citizenship\" \/>\n<meta name=\"robots\" content=\"index, follow, max-snippet:-1, max-image-preview:large, max-video-preview:-1\" \/>\n<link rel=\"canonical\" href=\"https:\/\/ariogroup-tr.com\/ru\/\u0441\u0432\u044f\u0436\u0438\u0442\u0435\u0441\u044c-\u0441-\u043d\u0430\u043c\u0438\/\" \/>\n<meta property=\"og:locale\" content=\"ru_RU\" \/>\n<meta property=\"og:type\" content=\"article\" \/>\n<meta property=\"og:title\" content=\"best of Turkey real estates get it by contacting us - Ario Real estates\" \/>\n<meta property=\"og:description\" content=\"Turkey real estates - Get the best housing and investment offers in Turkish cities \u0634\u0649\u064a Turkish citizenship\" \/>\n<meta property=\"og:url\" content=\"https:\/\/ariogroup-tr.com\/ru\/\u0441\u0432\u044f\u0436\u0438\u0442\u0435\u0441\u044c-\u0441-\u043d\u0430\u043c\u0438\/\" \/>\n<meta property=\"og:site_name\" content=\"Ario Real estates\" \/>\n<meta property=\"article:modified_time\" content=\"2021-12-10T21:51:26+00:00\" \/>\n<meta property=\"og:image\" content=\"https:\/\/ariogroup-tr.com\/wp-content\/uploads\/2021\/01\/\u0644\u0648\u063a\u0648-\u062c\u062f\u064a\u062f.png\" \/>\n\t<meta property=\"og:image:width\" content=\"2667\" \/>\n\t<meta property=\"og:image:height\" content=\"2667\" \/>\n\t<meta property=\"og:image:type\" content=\"image\/png\" \/>\n<meta name=\"twitter:card\" content=\"summary_large_image\" \/>\n<meta name=\"twitter:label1\" content=\"\u041f\u0440\u0438\u043c\u0435\u0440\u043d\u043e\u0435 \u0432\u0440\u0435\u043c\u044f \u0434\u043b\u044f \u0447\u0442\u0435\u043d\u0438\u044f\" \/>\n\t<meta name=\"twitter:data1\" content=\"1 \u043c\u0438\u043d\u0443\u0442\u0430\" \/>\n<script type=\"application\/ld+json\" class=\"yoast-schema-graph\">{\"@context\":\"https:\\\/\\\/schema.org\",\"@graph\":[{\"@type\":\"WebPage\",\"@id\":\"https:\\\/\\\/ariogroup-tr.com\\\/ru\\\/%d1%81%d0%b2%d1%8f%d0%b6%d0%b8%d1%82%d0%b5%d1%81%d1%8c-%d1%81-%d0%bd%d0%b0%d0%bc%d0%b8\\\/\",\"url\":\"https:\\\/\\\/ariogroup-tr.com\\\/ru\\\/%d1%81%d0%b2%d1%8f%d0%b6%d0%b8%d1%82%d0%b5%d1%81%d1%8c-%d1%81-%d0%bd%d0%b0%d0%bc%d0%b8\\\/\",\"name\":\"best of Turkey real estates get it by contacting us - Ario Real estates\",\"isPartOf\":{\"@id\":\"https:\\\/\\\/ariogroup-tr.com\\\/#website\"},\"primaryImageOfPage\":{\"@id\":\"https:\\\/\\\/ariogroup-tr.com\\\/ru\\\/%d1%81%d0%b2%d1%8f%d0%b6%d0%b8%d1%82%d0%b5%d1%81%d1%8c-%d1%81-%d0%bd%d0%b0%d0%bc%d0%b8\\\/#primaryimage\"},\"image\":{\"@id\":\"https:\\\/\\\/ariogroup-tr.com\\\/ru\\\/%d1%81%d0%b2%d1%8f%d0%b6%d0%b8%d1%82%d0%b5%d1%81%d1%8c-%d1%81-%d0%bd%d0%b0%d0%bc%d0%b8\\\/#primaryimage\"},\"thumbnailUrl\":\"https:\\\/\\\/ariogroup-tr.com\\\/wp-content\\\/uploads\\\/2021\\\/01\\\/\u0644\u0648\u063a\u0648-\u062c\u062f\u064a\u062f.png\",\"datePublished\":\"2016-12-02T02:27:28+00:00\",\"dateModified\":\"2021-12-10T21:51:26+00:00\",\"description\":\"Turkey real estates - Get the best housing and investment offers in Turkish cities \u0634\u0649\u064a Turkish citizenship\",\"breadcrumb\":{\"@id\":\"https:\\\/\\\/ariogroup-tr.com\\\/ru\\\/%d1%81%d0%b2%d1%8f%d0%b6%d0%b8%d1%82%d0%b5%d1%81%d1%8c-%d1%81-%d0%bd%d0%b0%d0%bc%d0%b8\\\/#breadcrumb\"},\"inLanguage\":\"ru-RU\",\"potentialAction\":[{\"@type\":\"ReadAction\",\"target\":[\"https:\\\/\\\/ariogroup-tr.com\\\/ru\\\/%d1%81%d0%b2%d1%8f%d0%b6%d0%b8%d1%82%d0%b5%d1%81%d1%8c-%d1%81-%d0%bd%d0%b0%d0%bc%d0%b8\\\/\"]}]},{\"@type\":\"ImageObject\",\"inLanguage\":\"ru-RU\",\"@id\":\"https:\\\/\\\/ariogroup-tr.com\\\/ru\\\/%d1%81%d0%b2%d1%8f%d0%b6%d0%b8%d1%82%d0%b5%d1%81%d1%8c-%d1%81-%d0%bd%d0%b0%d0%bc%d0%b8\\\/#primaryimage\",\"url\":\"https:\\\/\\\/ariogroup-tr.com\\\/wp-content\\\/uploads\\\/2021\\\/01\\\/\u0644\u0648\u063a\u0648-\u062c\u062f\u064a\u062f.png\",\"contentUrl\":\"https:\\\/\\\/ariogroup-tr.com\\\/wp-content\\\/uploads\\\/2021\\\/01\\\/\u0644\u0648\u063a\u0648-\u062c\u062f\u064a\u062f.png\",\"width\":2667,\"height\":2667,\"caption\":\"\u0623\u0631\u064a\u0648 \u0627\u0644\u0639\u0642\u0627\u0631\u064a\u0629\"},{\"@type\":\"BreadcrumbList\",\"@id\":\"https:\\\/\\\/ariogroup-tr.com\\\/ru\\\/%d1%81%d0%b2%d1%8f%d0%b6%d0%b8%d1%82%d0%b5%d1%81%d1%8c-%d1%81-%d0%bd%d0%b0%d0%bc%d0%b8\\\/#breadcrumb\",\"itemListElement\":[{\"@type\":\"ListItem\",\"position\":1,\"name\":\"\u0627\u0644\u0631\u0626\u064a\u0633\u064a\u0629\",\"item\":\"https:\\\/\\\/ariogroup-tr.com\\\/ru\\\/\"},{\"@type\":\"ListItem\",\"position\":2,\"name\":\"\u0441\u0432\u044f\u0436\u0438\u0442\u0435\u0441\u044c \u0441 \u043d\u0430\u043c\u0438\"}]},{\"@type\":\"WebSite\",\"@id\":\"https:\\\/\\\/ariogroup-tr.com\\\/#website\",\"url\":\"https:\\\/\\\/ariogroup-tr.com\\\/\",\"name\":\"Ario Real estates\",\"description\":\"\u0645\u0633\u062a\u0634\u0627\u0631\u0643 \u0627\u0644\u0639\u0642\u0627\u0631\u064a \u0641\u064a \u062a\u0631\u0643\u064a\u0627\",\"potentialAction\":[{\"@type\":\"SearchAction\",\"target\":{\"@type\":\"EntryPoint\",\"urlTemplate\":\"https:\\\/\\\/ariogroup-tr.com\\\/?s={search_term_string}\"},\"query-input\":{\"@type\":\"PropertyValueSpecification\",\"valueRequired\":true,\"valueName\":\"search_term_string\"}}],\"inLanguage\":\"ru-RU\"}]}<\/script>\n<!-- \/ Yoast SEO plugin. -->","yoast_head_json":{"title":"best of Turkey real estates get it by contacting us - Ario Real estates","description":"Turkey real estates - Get the best housing and investment offers in Turkish cities \u0634\u0649\u064a Turkish citizenship","robots":{"index":"index","follow":"follow","max-snippet":"max-snippet:-1","max-image-preview":"max-image-preview:large","max-video-preview":"max-video-preview:-1"},"canonical":"https:\/\/ariogroup-tr.com\/ru\/\u0441\u0432\u044f\u0436\u0438\u0442\u0435\u0441\u044c-\u0441-\u043d\u0430\u043c\u0438\/","og_locale":"ru_RU","og_type":"article","og_title":"best of Turkey real estates get it by contacting us - Ario Real estates","og_description":"Turkey real estates - Get the best housing and investment offers in Turkish cities \u0634\u0649\u064a Turkish citizenship","og_url":"https:\/\/ariogroup-tr.com\/ru\/\u0441\u0432\u044f\u0436\u0438\u0442\u0435\u0441\u044c-\u0441-\u043d\u0430\u043c\u0438\/","og_site_name":"Ario Real estates","article_modified_time":"2021-12-10T21:51:26+00:00","og_image":[{"width":2667,"height":2667,"url":"https:\/\/ariogroup-tr.com\/wp-content\/uploads\/2021\/01\/\u0644\u0648\u063a\u0648-\u062c\u062f\u064a\u062f.png","type":"image\/png"}],"twitter_card":"summary_large_image","twitter_misc":{"\u041f\u0440\u0438\u043c\u0435\u0440\u043d\u043e\u0435 \u0432\u0440\u0435\u043c\u044f \u0434\u043b\u044f \u0447\u0442\u0435\u043d\u0438\u044f":"1 \u043c\u0438\u043d\u0443\u0442\u0430"},"schema":{"@context":"https:\/\/schema.org","@graph":[{"@type":"WebPage","@id":"https:\/\/ariogroup-tr.com\/ru\/%d1%81%d0%b2%d1%8f%d0%b6%d0%b8%d1%82%d0%b5%d1%81%d1%8c-%d1%81-%d0%bd%d0%b0%d0%bc%d0%b8\/","url":"https:\/\/ariogroup-tr.com\/ru\/%d1%81%d0%b2%d1%8f%d0%b6%d0%b8%d1%82%d0%b5%d1%81%d1%8c-%d1%81-%d0%bd%d0%b0%d0%bc%d0%b8\/","name":"best of Turkey real estates get it by contacting us - Ario Real estates","isPartOf":{"@id":"https:\/\/ariogroup-tr.com\/#website"},"primaryImageOfPage":{"@id":"https:\/\/ariogroup-tr.com\/ru\/%d1%81%d0%b2%d1%8f%d0%b6%d0%b8%d1%82%d0%b5%d1%81%d1%8c-%d1%81-%d0%bd%d0%b0%d0%bc%d0%b8\/#primaryimage"},"image":{"@id":"https:\/\/ariogroup-tr.com\/ru\/%d1%81%d0%b2%d1%8f%d0%b6%d0%b8%d1%82%d0%b5%d1%81%d1%8c-%d1%81-%d0%bd%d0%b0%d0%bc%d0%b8\/#primaryimage"},"thumbnailUrl":"https:\/\/ariogroup-tr.com\/wp-content\/uploads\/2021\/01\/\u0644\u0648\u063a\u0648-\u062c\u062f\u064a\u062f.png","datePublished":"2016-12-02T02:27:28+00:00","dateModified":"2021-12-10T21:51:26+00:00","description":"Turkey real estates - Get the best housing and investment offers in Turkish cities \u0634\u0649\u064a Turkish citizenship","breadcrumb":{"@id":"https:\/\/ariogroup-tr.com\/ru\/%d1%81%d0%b2%d1%8f%d0%b6%d0%b8%d1%82%d0%b5%d1%81%d1%8c-%d1%81-%d0%bd%d0%b0%d0%bc%d0%b8\/#breadcrumb"},"inLanguage":"ru-RU","potentialAction":[{"@type":"ReadAction","target":["https:\/\/ariogroup-tr.com\/ru\/%d1%81%d0%b2%d1%8f%d0%b6%d0%b8%d1%82%d0%b5%d1%81%d1%8c-%d1%81-%d0%bd%d0%b0%d0%bc%d0%b8\/"]}]},{"@type":"ImageObject","inLanguage":"ru-RU","@id":"https:\/\/ariogroup-tr.com\/ru\/%d1%81%d0%b2%d1%8f%d0%b6%d0%b8%d1%82%d0%b5%d1%81%d1%8c-%d1%81-%d0%bd%d0%b0%d0%bc%d0%b8\/#primaryimage","url":"https:\/\/ariogroup-tr.com\/wp-content\/uploads\/2021\/01\/\u0644\u0648\u063a\u0648-\u062c\u062f\u064a\u062f.png","contentUrl":"https:\/\/ariogroup-tr.com\/wp-content\/uploads\/2021\/01\/\u0644\u0648\u063a\u0648-\u062c\u062f\u064a\u062f.png","width":2667,"height":2667,"caption":"\u0623\u0631\u064a\u0648 \u0627\u0644\u0639\u0642\u0627\u0631\u064a\u0629"},{"@type":"BreadcrumbList","@id":"https:\/\/ariogroup-tr.com\/ru\/%d1%81%d0%b2%d1%8f%d0%b6%d0%b8%d1%82%d0%b5%d1%81%d1%8c-%d1%81-%d0%bd%d0%b0%d0%bc%d0%b8\/#breadcrumb","itemListElement":[{"@type":"ListItem","position":1,"name":"\u0627\u0644\u0631\u0626\u064a\u0633\u064a\u0629","item":"https:\/\/ariogroup-tr.com\/ru\/"},{"@type":"ListItem","position":2,"name":"\u0441\u0432\u044f\u0436\u0438\u0442\u0435\u0441\u044c \u0441 \u043d\u0430\u043c\u0438"}]},{"@type":"WebSite","@id":"https:\/\/ariogroup-tr.com\/#website","url":"https:\/\/ariogroup-tr.com\/","name":"Ario Real estates","description":"\u0645\u0633\u062a\u0634\u0627\u0631\u0643 \u0627\u0644\u0639\u0642\u0627\u0631\u064a \u0641\u064a \u062a\u0631\u0643\u064a\u0627","potentialAction":[{"@type":"SearchAction","target":{"@type":"EntryPoint","urlTemplate":"https:\/\/ariogroup-tr.com\/?s={search_term_string}"},"query-input":{"@type":"PropertyValueSpecification","valueRequired":true,"valueName":"search_term_string"}}],"inLanguage":"ru-RU"}]}},"_links":{"self":[{"href":"https:\/\/ariogroup-tr.com\/ru\/wp-json\/wp\/v2\/pages\/27610","targetHints":{"allow":["GET"]}}],"collection":[{"href":"https:\/\/ariogroup-tr.com\/ru\/wp-json\/wp\/v2\/pages"}],"about":[{"href":"https:\/\/ariogroup-tr.com\/ru\/wp-json\/wp\/v2\/types\/page"}],"author":[{"embeddable":true,"href":"https:\/\/ariogroup-tr.com\/ru\/wp-json\/wp\/v2\/users\/1"}],"replies":[{"embeddable":true,"href":"https:\/\/ariogroup-tr.com\/ru\/wp-json\/wp\/v2\/comments?post=27610"}],"version-history":[{"count":4,"href":"https:\/\/ariogroup-tr.com\/ru\/wp-json\/wp\/v2\/pages\/27610\/revisions"}],"predecessor-version":[{"id":27673,"href":"https:\/\/ariogroup-tr.com\/ru\/wp-json\/wp\/v2\/pages\/27610\/revisions\/27673"}],"wp:featuredmedia":[{"embeddable":true,"href":"https:\/\/ariogroup-tr.com\/ru\/wp-json\/wp\/v2\/media\/27599"}],"wp:attachment":[{"href":"https:\/\/ariogroup-tr.com\/ru\/wp-json\/wp\/v2\/media?parent=27610"}],"curies":[{"name":"wp","href":"https:\/\/api.w.org\/{rel}","templated":true}]}}