{"id":7730,"date":"2017-01-17T01:14:53","date_gmt":"2017-01-17T01:14:53","guid":{"rendered":"https:\/\/ariogroup-tr.com\/advanced-search\/"},"modified":"2021-03-12T22:25:54","modified_gmt":"2021-03-12T22:25:54","slug":"advanced-search","status":"publish","type":"page","link":"https:\/\/ariogroup-tr.com\/en\/advanced-search\/","title":{"rendered":"Advanced search"},"content":{"rendered":"<div class=\"wpb-content-wrapper\"><p>[vc_row el_class=&#8221;mg-bottom-60&#8243;][vc_column]<div class=\"ere-advanced-search-wrap ere-property-wrap\">\n    <div class=\"ere_property-advanced-search-form-wrap\">\r\n    <div data-options=\"{&quot;ajax_url&quot;:&quot;\\\/wp-admin\\\/admin-ajax.php?ere_wpml_lang=en&quot;,&quot;price_is_slider&quot;:&quot;false&quot;,&quot;enable_filter_location&quot;:&quot;1&quot;}\" class=\"ere-property-advanced-search clearfix tab color-dark \">\n    <div class=\"form-search-wrap has-status-tab\">\r\n    <div class=\"form-search-inner\">\r\n        <div class=\"ere-search-content\">\r\n            <div data-href=\"https:\/\/ariogroup-tr.com\/advanced-search\/\" class=\"search-properties-form\">\r\n                                    <div class=\"ere-search-status-tab\">\r\n    <div class=\"ere-search-status-tab-inner\">\r\n        <input class=\"search-field\" type='hidden' name=\"status\" value=\"for-rent-en\" data-default-value=\"\"\/>\r\n                                <button type=\"button\" data-value=\"for-rent-en\" class=\"btn-status-filter active\">For rent<\/button>\r\n                                <button type=\"button\" data-value=\"for-sale-en\" class=\"btn-status-filter\">For sale<\/button>\r\n            <\/div>\r\n<\/div>                                <div class=\"form-search\">\r\n                    <div class=\"row\">\r\n                        <div class=\"col-lg-4 col-md-6 col-12 form-group\">\r\n    <select name=\"type\" title=\"Property Types\"\r\n            class=\"search-field form-control\" data-default-value=\"\">\r\n        <option value=\"independent-apartment-en\">independent apartment<\/option><option value=\"an-investment-project-en\">investment project<\/option><option value=\"land-en\">land<\/option><option value=\"residential-project-en\">residential project<\/option><option value=\"villa-en\">villa<\/option>        <option\r\n            value=\"\"  selected='selected'>\r\n            All Types        <\/option>\r\n    <\/select>\r\n<\/div><div class=\"col-lg-4 col-md-6 col-12 form-group\">\r\n    <select name=\"city\" class=\"ere-property-city-ajax search-field form-control\" title=\"Cities\" data-selected=\"\" data-default-value=\"\">\r\n        <option value=\"avcilar\">avc\u0131lar<\/option><option value=\"bagcilar-en\">bagcilar<\/option><option value=\"bahcesehir-en\">bah\u00e7e\u015fehir<\/option><option value=\"bakirkoy-en\">Bakirkoy<\/option><option value=\"basaksehir-en\">ba\u015fak\u015fehir<\/option><option value=\"basin-express-en\">bas\u0131n express<\/option><option value=\"bayrampasa-en\">bayrampa\u015fa<\/option><option value=\"beylikduzu-en\">beylikd\u00fcz\u00fc<\/option><option value=\"buyukcekmece-en\">B\u00fcy\u00fck\u00e7ekmece<\/option><option value=\"esesyurt-en\">esesyurt<\/option><option value=\"fatih-en\">fatih<\/option><option value=\"gaziosmanpasa-en-2\">Gaziosmanpa\u015fa<\/option><option value=\"kagithane-en\">Ka\u011f\u0131thane<\/option><option value=\"kucukcekmece-en\">K\u00fc\u00e7\u00fck\u00e7ekmece<\/option><option value=\"maslak-en\">maslak<\/option><option value=\"sisli-en\">\u015ei\u015fli<\/option><option value=\"taksim-en\">taksim<\/option><option value=\"umraniye\">\u00dcmraniye<\/option><option value=\"uskudar\">\u00dcsk\u00fcdar<\/option><option value=\"zeytinburnu-en\">Zeytinburnu<\/option>        <option value=\"\"  selected='selected'>\r\n            All Cities        <\/option>\r\n    <\/select>\r\n<\/div><div class=\"col-lg-4 col-md-6 col-12 form-group\">\r\n    <select name=\"bedrooms\" title=\"Property Bedrooms\"\r\n            class=\"search-field form-control\" data-default-value=\"\">\r\n        <option value=\"\">\r\n            Any Bedrooms        <\/option>\r\n\t    \t\t    \t\t\t    <option  value=\"1\">1<\/option>\r\n\t\t    \t\t\t    <option  value=\"2\">2<\/option>\r\n\t\t    \t\t\t    <option  value=\"3\">3<\/option>\r\n\t\t    \t\t\t    <option  value=\"4\">4<\/option>\r\n\t\t    \t\t\t    <option  value=\"5\">5<\/option>\r\n\t\t    \t\t\t    <option  value=\"6\">6<\/option>\r\n\t\t    \t\t\t    <option  value=\"7\">7<\/option>\r\n\t\t    \t        <\/select>\r\n<\/div>                                                    <div class=\"form-group col-lg-4 col-md-6 col-12 submit-search-form\">\r\n                                <button type=\"button\" class=\"ere-advanced-search-btn\"><i class=\"fa fa-search\"><\/i>\r\n                                    Search                                <\/button>\r\n                            <\/div>\r\n                                            <\/div>\r\n                <\/div>\r\n            <\/div>\r\n        <\/div>\r\n    <\/div>\r\n<\/div><\/div>            <div class=\"advanced-saved-searches\">\r\n            <button type=\"button\" class=\"btn btn-primary btn-xs btn-save-search\" data-toggle=\"modal\" data-target=\"#ere_signin_modal\">\r\n                Save Search<\/button>\r\n        <\/div>\r\n        <div class=\"modal fade ere_save_search_modal\" id=\"ere_save_search_modal\" tabindex=\"-1\" role=\"dialog\"\n     aria-labelledby=\"SaveSearchModalLabel\">\n\t<div class=\"modal-dialog\" role=\"document\">\n\t\t<div class=\"modal-content\">\n\t\t\t<div class=\"modal-header\">\n\t\t\t\t<h5 class=\"modal-title mb-0\" id=\"SaveSearchModalLabel\">Saved Search<\/h5>\n                <button type=\"button\" class=\"close\" data-dismiss=\"modal\" aria-label=\"Close\"><span\n                            aria-hidden=\"true\">&times;<\/span><\/button>\n\t\t\t<\/div>\n\t\t\t<div class=\"modal-body\">\n\t\t\t\t<div class=\"alert alert-info\" role=\"alert\">\n\t\t\t\t\t<i class=\"fa fa-info-circle\"><\/i>\n\t\t\t\t\tWith Saved Search, You will receive an email notification whenever someone posts a new property that matches your saved search criteria.\t\t\t\t<\/div>\n\t\t\t\t<form id=\"ere_save_search_form\" method=\"post\">\n\t\t\t\t\t<div class=\"form-group\">\n\t\t\t\t\t\t<label for=\"ere_title\">Title<\/label>\n\t\t\t\t\t\t<input type=\"text\" name=\"ere_title\" id=\"ere_title\"\n\t\t\t\t\t\t       placeholder=\"Input title\"\n\t\t\t\t\t\t       class=\"form-control\"\n\t\t\t\t\t\t       value=\"\" aria-describedby=\"parameters\">\n\t\t\t\t\t\t<input type=\"hidden\" name=\"ere_params\"\n\t\t\t\t\t\t       value=\"U3RhdHVzOiA8c3Ryb25nPmZvci1yZW50LWVuPC9zdHJvbmc+\">\n\t\t\t\t\t\t<input type=\"hidden\" name=\"ere_query\"\n\t\t\t\t\t\t       value=\"YTo4OntzOjk6InBvc3RfdHlwZSI7czo4OiJwcm9wZXJ0eSI7czoxNDoicG9zdHNfcGVyX3BhZ2UiO3M6MjoiMTIiO3M6NToicGFnZWQiO2k6MTtzOjExOiJwb3N0X3N0YXR1cyI7czo3OiJwdWJsaXNoIjtzOjc6Im9yZGVyYnkiO2E6Mjp7czoxMDoibWVudV9vcmRlciI7czozOiJBU0MiO3M6NDoiZGF0ZSI7czo0OiJERVNDIjt9czoyMDoiZXJlX29yZGVyYnlfZmVhdHVyZWQiO2I6MTtzOjEwOiJtZXRhX3F1ZXJ5IjthOjE6e3M6ODoicmVsYXRpb24iO3M6MzoiQU5EIjt9czo5OiJ0YXhfcXVlcnkiO2E6Mjp7czo4OiJyZWxhdGlvbiI7czozOiJBTkQiO2k6MDthOjE6e2k6MDthOjM6e3M6ODoidGF4b25vbXkiO3M6MTU6InByb3BlcnR5LXN0YXR1cyI7czo1OiJmaWVsZCI7czo0OiJzbHVnIjtzOjU6InRlcm1zIjtzOjExOiJmb3ItcmVudC1lbiI7fX19fQ==\">\n\t\t\t\t\t\t<input type=\"hidden\" name=\"ere_url\" value=\"\/en\/wp-json\/wp\/v2\/pages\/7730\">\n\t\t\t\t\t\t<input type=\"hidden\" name=\"action\" value='ere_save_search_ajax'>\n\t\t\t\t\t\t<input type=\"hidden\" name=\"ere_save_search_ajax\"\n\t\t\t\t\t\t       value=\"5b03ee3d00\">\n\t\t\t\t\t\t<small id=\"parameters\" class=\"form-text text-muted\">\n                            Parameters: Status: <strong>for-rent-en<\/strong>                        <\/small>\n\t\t\t\t\t<\/div>\n\t\t\t\t<\/form>\n\t\t\t<\/div>\n\t\t\t<div class=\"modal-footer\">\n\t\t\t\t<button type=\"button\" class=\"btn btn-dark btn-default\"\n\t\t\t\t        data-dismiss=\"modal\">Close<\/button>\n\t\t\t\t<button data-ajax-url=\"\/wp-admin\/admin-ajax.php?ere_wpml_lang=en\" id=\"ere_save_search\"\n\t\t\t\t        class=\"btn btn-primary\"\n\t\t\t\t        type=\"button\">Save<\/button>\n\t\t\t<\/div>\n\t\t<\/div>\n\t<\/div>\n<\/div>    <\/div>\r\n    <div class=\"ere-archive-property\">\n        <div class=\"above-archive-property\">\n            <div class=\"ere-heading\">\r\n\t\t\t<h2>Properties\t\t\t<sub>(0)<\/sub><\/h2>\r\n\t<\/div><div class=\"archive-property-action ere__archive-actions ere__archive-property-actions\">\r\n    <div class=\"ere__apa-item ere__apa-orderby dropdown\">\r\n    <a href=\"#\" class=\"dropdown-toggle\" data-toggle=\"dropdown\">\r\n        Sort By    <\/a>\r\n    <div class=\"dropdown-menu\">\r\n                    <a data-sortby=\"\" title=\"Default Order\" class=\"dropdown-item\" href=\"\/en\/wp-json\/wp\/v2\/pages\/7730?sortby=default\">Default Order<\/a>\r\n                    <a data-sortby=\"\" title=\"Featured\" class=\"dropdown-item\" href=\"\/en\/wp-json\/wp\/v2\/pages\/7730?sortby=featured\">Featured<\/a>\r\n                    <a data-sortby=\"\" title=\"Most Viewed\" class=\"dropdown-item\" href=\"\/en\/wp-json\/wp\/v2\/pages\/7730?sortby=most_viewed\">Most Viewed<\/a>\r\n                    <a data-sortby=\"\" title=\"Price (Low to High)\" class=\"dropdown-item\" href=\"\/en\/wp-json\/wp\/v2\/pages\/7730?sortby=a_price\">Price (Low to High)<\/a>\r\n                    <a data-sortby=\"\" title=\"Price (High to Low)\" class=\"dropdown-item\" href=\"\/en\/wp-json\/wp\/v2\/pages\/7730?sortby=d_price\">Price (High to Low)<\/a>\r\n                    <a data-sortby=\"\" title=\"Date (Old to New)\" class=\"dropdown-item\" href=\"\/en\/wp-json\/wp\/v2\/pages\/7730?sortby=a_date\">Date (Old to New)<\/a>\r\n                    <a data-sortby=\"\" title=\"Date (New to Old)\" class=\"dropdown-item\" href=\"\/en\/wp-json\/wp\/v2\/pages\/7730?sortby=d_date\">Date (New to Old)<\/a>\r\n            <\/div>\r\n<\/div>\r\n<div class=\"ere__apa-item ere__apa-switch-layout\">\r\n    <div class=\"view-as\" data-admin-url=\"\/wp-admin\/admin-ajax.php?ere_wpml_lang=en\">\r\n                    <span data-view-as=\"property-list\" class=\"view-as-list\" title=\"View as List\">\r\n                        <i class=\"fa fa-list-ul\"><\/i>\r\n                    <\/span>\r\n        <span data-view-as=\"property-grid\" class=\"view-as-grid\" title=\"View as Grid\">\r\n                        <i class=\"fa fa-th-large\"><\/i>\r\n                    <\/span>\r\n    <\/div>\r\n<\/div>\r\n<\/div>\r\n        <\/div>\n        <div class=\"ere-property clearfix property-grid col-gap-30 columns-3 columns-md-3 columns-sm-2 columns-xs-1 columns-mb-1\">\n                            <div class=\"item-not-found\">No item found<\/div>\r\n                    <\/div>\n            <\/div>\n    <\/div>[\/vc_column][\/vc_row]<\/p>\n<\/div>","protected":false},"excerpt":{"rendered":"<p>[vc_row el_class=&#8221;mg-bottom-60&#8243;][vc_column][\/vc_column][\/vc_row]<\/p>\n","protected":false},"author":1,"featured_media":6872,"parent":0,"menu_order":0,"comment_status":"closed","ping_status":"closed","template":"","meta":{"footnotes":""},"class_list":["post-7730","page","type-page","status-publish","has-post-thumbnail","hentry"],"yoast_head":"<!-- This site is optimized with the Yoast SEO plugin v27.5 - https:\/\/yoast.com\/product\/yoast-seo-wordpress\/ -->\n<title>Advanced search - Ario Real estates<\/title>\n<meta name=\"robots\" content=\"index, follow, max-snippet:-1, max-image-preview:large, max-video-preview:-1\" \/>\n<link rel=\"canonical\" href=\"https:\/\/ariogroup-tr.com\/en\/advanced-search\/\" \/>\n<meta property=\"og:locale\" content=\"en_US\" \/>\n<meta property=\"og:type\" content=\"article\" \/>\n<meta property=\"og:title\" content=\"Advanced search - Ario Real estates\" \/>\n<meta property=\"og:description\" content=\"[vc_row el_class=&#8221;mg-bottom-60&#8243;][vc_column][\/vc_column][\/vc_row]\" \/>\n<meta property=\"og:url\" content=\"https:\/\/ariogroup-tr.com\/en\/advanced-search\/\" \/>\n<meta property=\"og:site_name\" content=\"Ario Real estates\" \/>\n<meta property=\"article:modified_time\" content=\"2021-03-12T22:25:54+00:00\" \/>\n<meta property=\"og:image\" content=\"https:\/\/ariogroup-tr.com\/wp-content\/uploads\/2021\/01\/\u0644\u0648\u063a\u0648-\u062c\u062f\u064a\u062f.png\" \/>\n\t<meta property=\"og:image:width\" content=\"2667\" \/>\n\t<meta property=\"og:image:height\" content=\"2667\" \/>\n\t<meta property=\"og:image:type\" content=\"image\/png\" \/>\n<meta name=\"twitter:card\" content=\"summary_large_image\" \/>\n<script type=\"application\/ld+json\" class=\"yoast-schema-graph\">{\"@context\":\"https:\\\/\\\/schema.org\",\"@graph\":[{\"@type\":\"WebPage\",\"@id\":\"https:\\\/\\\/ariogroup-tr.com\\\/en\\\/advanced-search\\\/\",\"url\":\"https:\\\/\\\/ariogroup-tr.com\\\/en\\\/advanced-search\\\/\",\"name\":\"Advanced search - Ario Real estates\",\"isPartOf\":{\"@id\":\"https:\\\/\\\/ariogroup-tr.com\\\/#website\"},\"primaryImageOfPage\":{\"@id\":\"https:\\\/\\\/ariogroup-tr.com\\\/en\\\/advanced-search\\\/#primaryimage\"},\"image\":{\"@id\":\"https:\\\/\\\/ariogroup-tr.com\\\/en\\\/advanced-search\\\/#primaryimage\"},\"thumbnailUrl\":\"https:\\\/\\\/ariogroup-tr.com\\\/wp-content\\\/uploads\\\/2021\\\/01\\\/\u0644\u0648\u063a\u0648-\u062c\u062f\u064a\u062f.png\",\"datePublished\":\"2017-01-17T01:14:53+00:00\",\"dateModified\":\"2021-03-12T22:25:54+00:00\",\"breadcrumb\":{\"@id\":\"https:\\\/\\\/ariogroup-tr.com\\\/en\\\/advanced-search\\\/#breadcrumb\"},\"inLanguage\":\"en-US\",\"potentialAction\":[{\"@type\":\"ReadAction\",\"target\":[\"https:\\\/\\\/ariogroup-tr.com\\\/en\\\/advanced-search\\\/\"]}]},{\"@type\":\"ImageObject\",\"inLanguage\":\"en-US\",\"@id\":\"https:\\\/\\\/ariogroup-tr.com\\\/en\\\/advanced-search\\\/#primaryimage\",\"url\":\"https:\\\/\\\/ariogroup-tr.com\\\/wp-content\\\/uploads\\\/2021\\\/01\\\/\u0644\u0648\u063a\u0648-\u062c\u062f\u064a\u062f.png\",\"contentUrl\":\"https:\\\/\\\/ariogroup-tr.com\\\/wp-content\\\/uploads\\\/2021\\\/01\\\/\u0644\u0648\u063a\u0648-\u062c\u062f\u064a\u062f.png\",\"width\":2667,\"height\":2667,\"caption\":\"\u0623\u0631\u064a\u0648 \u0627\u0644\u0639\u0642\u0627\u0631\u064a\u0629\"},{\"@type\":\"BreadcrumbList\",\"@id\":\"https:\\\/\\\/ariogroup-tr.com\\\/en\\\/advanced-search\\\/#breadcrumb\",\"itemListElement\":[{\"@type\":\"ListItem\",\"position\":1,\"name\":\"\u0627\u0644\u0631\u0626\u064a\u0633\u064a\u0629\",\"item\":\"https:\\\/\\\/ariogroup-tr.com\\\/en\\\/\"},{\"@type\":\"ListItem\",\"position\":2,\"name\":\"Advanced search\"}]},{\"@type\":\"WebSite\",\"@id\":\"https:\\\/\\\/ariogroup-tr.com\\\/#website\",\"url\":\"https:\\\/\\\/ariogroup-tr.com\\\/\",\"name\":\"Ario Real estates\",\"description\":\"\u0645\u0633\u062a\u0634\u0627\u0631\u0643 \u0627\u0644\u0639\u0642\u0627\u0631\u064a \u0641\u064a \u062a\u0631\u0643\u064a\u0627\",\"potentialAction\":[{\"@type\":\"SearchAction\",\"target\":{\"@type\":\"EntryPoint\",\"urlTemplate\":\"https:\\\/\\\/ariogroup-tr.com\\\/?s={search_term_string}\"},\"query-input\":{\"@type\":\"PropertyValueSpecification\",\"valueRequired\":true,\"valueName\":\"search_term_string\"}}],\"inLanguage\":\"en-US\"}]}<\/script>\n<!-- \/ Yoast SEO plugin. -->","yoast_head_json":{"title":"Advanced search - Ario Real estates","robots":{"index":"index","follow":"follow","max-snippet":"max-snippet:-1","max-image-preview":"max-image-preview:large","max-video-preview":"max-video-preview:-1"},"canonical":"https:\/\/ariogroup-tr.com\/en\/advanced-search\/","og_locale":"en_US","og_type":"article","og_title":"Advanced search - Ario Real estates","og_description":"[vc_row el_class=&#8221;mg-bottom-60&#8243;][vc_column][\/vc_column][\/vc_row]","og_url":"https:\/\/ariogroup-tr.com\/en\/advanced-search\/","og_site_name":"Ario Real estates","article_modified_time":"2021-03-12T22:25:54+00:00","og_image":[{"width":2667,"height":2667,"url":"https:\/\/ariogroup-tr.com\/wp-content\/uploads\/2021\/01\/\u0644\u0648\u063a\u0648-\u062c\u062f\u064a\u062f.png","type":"image\/png"}],"twitter_card":"summary_large_image","schema":{"@context":"https:\/\/schema.org","@graph":[{"@type":"WebPage","@id":"https:\/\/ariogroup-tr.com\/en\/advanced-search\/","url":"https:\/\/ariogroup-tr.com\/en\/advanced-search\/","name":"Advanced search - Ario Real estates","isPartOf":{"@id":"https:\/\/ariogroup-tr.com\/#website"},"primaryImageOfPage":{"@id":"https:\/\/ariogroup-tr.com\/en\/advanced-search\/#primaryimage"},"image":{"@id":"https:\/\/ariogroup-tr.com\/en\/advanced-search\/#primaryimage"},"thumbnailUrl":"https:\/\/ariogroup-tr.com\/wp-content\/uploads\/2021\/01\/\u0644\u0648\u063a\u0648-\u062c\u062f\u064a\u062f.png","datePublished":"2017-01-17T01:14:53+00:00","dateModified":"2021-03-12T22:25:54+00:00","breadcrumb":{"@id":"https:\/\/ariogroup-tr.com\/en\/advanced-search\/#breadcrumb"},"inLanguage":"en-US","potentialAction":[{"@type":"ReadAction","target":["https:\/\/ariogroup-tr.com\/en\/advanced-search\/"]}]},{"@type":"ImageObject","inLanguage":"en-US","@id":"https:\/\/ariogroup-tr.com\/en\/advanced-search\/#primaryimage","url":"https:\/\/ariogroup-tr.com\/wp-content\/uploads\/2021\/01\/\u0644\u0648\u063a\u0648-\u062c\u062f\u064a\u062f.png","contentUrl":"https:\/\/ariogroup-tr.com\/wp-content\/uploads\/2021\/01\/\u0644\u0648\u063a\u0648-\u062c\u062f\u064a\u062f.png","width":2667,"height":2667,"caption":"\u0623\u0631\u064a\u0648 \u0627\u0644\u0639\u0642\u0627\u0631\u064a\u0629"},{"@type":"BreadcrumbList","@id":"https:\/\/ariogroup-tr.com\/en\/advanced-search\/#breadcrumb","itemListElement":[{"@type":"ListItem","position":1,"name":"\u0627\u0644\u0631\u0626\u064a\u0633\u064a\u0629","item":"https:\/\/ariogroup-tr.com\/en\/"},{"@type":"ListItem","position":2,"name":"Advanced search"}]},{"@type":"WebSite","@id":"https:\/\/ariogroup-tr.com\/#website","url":"https:\/\/ariogroup-tr.com\/","name":"Ario Real estates","description":"\u0645\u0633\u062a\u0634\u0627\u0631\u0643 \u0627\u0644\u0639\u0642\u0627\u0631\u064a \u0641\u064a \u062a\u0631\u0643\u064a\u0627","potentialAction":[{"@type":"SearchAction","target":{"@type":"EntryPoint","urlTemplate":"https:\/\/ariogroup-tr.com\/?s={search_term_string}"},"query-input":{"@type":"PropertyValueSpecification","valueRequired":true,"valueName":"search_term_string"}}],"inLanguage":"en-US"}]}},"_links":{"self":[{"href":"https:\/\/ariogroup-tr.com\/en\/wp-json\/wp\/v2\/pages\/7730","targetHints":{"allow":["GET"]}}],"collection":[{"href":"https:\/\/ariogroup-tr.com\/en\/wp-json\/wp\/v2\/pages"}],"about":[{"href":"https:\/\/ariogroup-tr.com\/en\/wp-json\/wp\/v2\/types\/page"}],"author":[{"embeddable":true,"href":"https:\/\/ariogroup-tr.com\/en\/wp-json\/wp\/v2\/users\/1"}],"replies":[{"embeddable":true,"href":"https:\/\/ariogroup-tr.com\/en\/wp-json\/wp\/v2\/comments?post=7730"}],"version-history":[{"count":2,"href":"https:\/\/ariogroup-tr.com\/en\/wp-json\/wp\/v2\/pages\/7730\/revisions"}],"predecessor-version":[{"id":7735,"href":"https:\/\/ariogroup-tr.com\/en\/wp-json\/wp\/v2\/pages\/7730\/revisions\/7735"}],"wp:featuredmedia":[{"embeddable":true,"href":"https:\/\/ariogroup-tr.com\/en\/wp-json\/wp\/v2\/media\/6872"}],"wp:attachment":[{"href":"https:\/\/ariogroup-tr.com\/en\/wp-json\/wp\/v2\/media?parent=7730"}],"curies":[{"name":"wp","href":"https:\/\/api.w.org\/{rel}","templated":true}]}}