{"id":7710,"date":"2016-12-02T02:27:28","date_gmt":"2016-12-02T02:27:28","guid":{"rendered":"https:\/\/ariogroup-tr.com\/contact\/"},"modified":"2022-02-23T12:17:08","modified_gmt":"2022-02-23T12:17:08","slug":"contact","status":"publish","type":"page","link":"https:\/\/ariogroup-tr.com\/en\/contact\/","title":{"rendered":"Contact us"},"content":{"rendered":"<div class=\"wpb-content-wrapper\"><p>[vc_row full_width=&#8221;stretch_row_content_no_spaces&#8221;][vc_column][g5plus_google_map markers=&#8221;%5B%7B%22lat%22%3A%2241.0214%22%2C%22lng%22%3A%2228.6307%22%2C%22icon%22%3A%22178%22%7D%5D&#8221; api_key=&#8221;AIzaSyBDGC07S_HKiM6qg_zoNkffqxTr1S1kuV0&#8243;][\/vc_column][\/vc_row][vc_row][vc_column][g5plus_space desktop=&#8221;100&#8243; tablet=&#8221;80&#8243; tablet_portrait=&#8221;60&#8243; mobile_landscape=&#8221;50&#8243; mobile=&#8221;40&#8243;][\/vc_column][vc_column offset=&#8221;vc_col-md-6&#8243;][g5plus_heading layout_style=&#8221;style2&#8243; title=&#8221;Contact Information&#8221; css=&#8221;.vc_custom_1621289278326{margin-bottom: 30px !important;}&#8221;][g5plus_icon_box layout_style=&#8221;layout-left&#8221; icon_font=&#8221;icon-location22&#8243; title=&#8221;Headquarters&#8221; description=&#8221;Burc Istanbul i\u015f merkezi G\u00f6kevler Mah, 2312 Sk. 18. Blok, ofis No. : 270 kat : 30 Beylikd\u00fcz\u00fc\/\u0130stanbul&#8221; css=&#8221;.vc_custom_1621289306902{margin-bottom: 50px !important;}&#8221;][g5plus_icon_box layout_style=&#8221;layout-left&#8221; icon_font=&#8221;&#8221; title=&#8221;Phone Numbers&#8221; description=&#8221;00905012111160&#8243; link=&#8221;url:http%3A%2F%2Fwa.me%2F905465103229|title:whatsapp&#8221; css=&#8221;.vc_custom_1645618604020{margin-bottom: 50px !important;}&#8221;][g5plus_icon_box layout_style=&#8221;layout-left&#8221; icon_font=&#8221;icon-mail-envelope-open2&#8243; title=&#8221;E-mail Address&#8221; description=&#8221;Info@ariogroup-tr.com&#8221; css=&#8221;.vc_custom_1602158341302{margin-bottom: 50px !important;}&#8221;][\/vc_column][vc_column offset=&#8221;vc_col-md-6&#8243;][g5plus_heading layout_style=&#8221;style2&#8243; title=&#8221;Offices and branches&#8221; css=&#8221;.vc_custom_1621289253898{margin-bottom: 33px !important;}&#8221;][vc_tta_tour active_section=&#8221;1&#8243;][vc_tta_section title=&#8221;istanbul&#8221; tab_id=&#8221;1487304060531-c8a53037-f97c&#8221;][vc_raw_html]JTNDdWwlMjBjbGFzcyUzRCUyMmZvb3Rlci1nZXQtaW4tdG91Y2glMjIlM0UlMEElM0NsaSUzRSUzQ3NwYW4lMjBjbGFzcyUzRCUyMnRleHQtY29sb3ItYWNjZW50JTIwZmElMjBmYS1tYXAtbWFya2VyJTIyJTNFJTNDJTJGc3BhbiUzRSUzQ3NwYW4lM0VCdXJjJTIwSXN0YW5idWwlMjBpJUM1JTlGJTIwbWVya2V6aSUyMEclQzMlQjZrZXZsZXIlMjBNYWglMkMlMjAyMzEyJTIwU2suJTIwMTguJTIwQmxvayUyQyUyMG9maXMlMjBOby4lMjAlM0ElMjAyNzAlMjBrYXQlMjAlM0ElMjAzMCUyMEJleWxpa2QlQzMlQkN6JUMzJUJDJTJGJUM0JUIwc3RhbmJ1bCUzQyUyRnNwYW4lM0UlM0MlMkZsaSUzRSUwQSUwOSUzQ2xpJTNFJTNDc3BhbiUyMGNsYXNzJTNEJTIydGV4dC1jb2xvci1hY2NlbnQlMjBmYSUyMGZhLXBob25lJTIyJTNFJTNDJTJGc3BhbiUzRSUzQ3NwYW4lM0UwMDkwNTAxMjExMTE2MCUzQyUyRnNwYW4lM0UlM0MlMkZsaSUzRSUwQSUwOSUzQ2xpJTNFJTNDc3BhbiUyMGNsYXNzJTNEJTIydGV4dC1jb2xvci1hY2NlbnQlMjBmYSUyMGZhLWVudmVsb3BlJTIyJTNFJTNDJTJGc3BhbiUzRSUzQ3NwYW4lM0VJbmZvJTQwYXJpb2dyb3VwLXRyLmNvbSUzRSUzQyUyRmxpJTNFJTBBJTNDJTJGdWwlM0U=[\/vc_raw_html][g5plus_google_map markers=&#8221;%5B%7B%22lat%22%3A%2241.0214%22%2C%22lng%22%3A%2228.6307%22%2C%22icon%22%3A%22553%22%7D%5D&#8221; api_key=&#8221;AIzaSyBDGC07S_HKiM6qg_zoNkffqxTr1S1kuV0&#8243; map_height=&#8221;177px&#8221; css=&#8221;.vc_custom_1629319736423{margin-top: 30px !important;}&#8221;][\/vc_tta_section][\/vc_tta_tour][\/vc_column][vc_column][g5plus_space desktop=&#8221;80&#8243; tablet=&#8221;60&#8243; tablet_portrait=&#8221;40&#8243; mobile_landscape=&#8221;40&#8243; mobile=&#8221;40&#8243;][\/vc_column][\/vc_row][vc_row css=&#8221;.vc_custom_1487304786882{margin-bottom: 100px !important;}&#8221;][vc_column][g5plus_heading layout_style=&#8221;style2&#8243; title=&#8221;send a massege&#8221; css=&#8221;.vc_custom_1621289330130{margin-bottom: 37px !important;}&#8221;]\n<div class=\"wpcf7 no-js\" id=\"wpcf7-f4-o1\" lang=\"en-US\" dir=\"ltr\" data-wpcf7-id=\"4\">\n<div class=\"screen-reader-response\"><p role=\"status\" aria-live=\"polite\" aria-atomic=\"true\"><\/p> <ul><\/ul><\/div>\n<form action=\"\/en\/wp-json\/wp\/v2\/pages\/7710#wpcf7-f4-o1\" method=\"post\" class=\"wpcf7-form init\" aria-label=\"Contact form\" novalidate=\"novalidate\" data-status=\"init\">\n<fieldset class=\"hidden-fields-container\"><input type=\"hidden\" name=\"_wpcf7\" value=\"4\" \/><input type=\"hidden\" name=\"_wpcf7_version\" value=\"6.1.5\" \/><input type=\"hidden\" name=\"_wpcf7_locale\" value=\"en_US\" \/><input type=\"hidden\" name=\"_wpcf7_unit_tag\" value=\"wpcf7-f4-o1\" \/><input type=\"hidden\" name=\"_wpcf7_container_post\" value=\"0\" \/><input type=\"hidden\" name=\"_wpcf7_posted_data_hash\" value=\"\" \/>\n<\/fieldset>\n<div class=\"g5plus-contact-form column-2 row\">\n\t<div class=\"col-md-6 col-sm-12 col-xs-12\">\n\t\t<p><span class=\"wpcf7-form-control-wrap\" data-name=\"your-name\"><input size=\"40\" maxlength=\"400\" class=\"wpcf7-form-control wpcf7-text\" aria-invalid=\"false\" placeholder=\"full name\" value=\"\" type=\"text\" name=\"your-name\" \/><\/span>\n\t\t<\/p>\n\t<\/div>\n\t<div class=\"col-md-6 col-sm-12 col-xs-12\">\n\t\t<p><span class=\"wpcf7-form-control-wrap\" data-name=\"your-email\"><input size=\"40\" maxlength=\"400\" class=\"wpcf7-form-control wpcf7-email wpcf7-validates-as-required wpcf7-text wpcf7-validates-as-email\" aria-required=\"true\" aria-invalid=\"false\" placeholder=\"E-mail\" value=\"\" type=\"email\" name=\"your-email\" \/><\/span>\n\t\t<\/p>\n\t<\/div>\n\t<div class=\"col-xs-12\">\n\t\t<p><span class=\"wpcf7-form-control-wrap\" data-name=\"your-subject\"><input size=\"40\" maxlength=\"400\" class=\"wpcf7-form-control wpcf7-tel wpcf7-validates-as-required wpcf7-text wpcf7-validates-as-tel\" aria-required=\"true\" aria-invalid=\"false\" placeholder=\"Phone\" value=\"\" type=\"tel\" name=\"your-subject\" \/><\/span>\n\t\t<\/p>\n\t<\/div>\n\t<div class=\"col-xs-12\">\n\t\t<p><span class=\"wpcf7-form-control-wrap\" data-name=\"your-message\"><textarea cols=\"40\" rows=\"10\" maxlength=\"2000\" class=\"wpcf7-form-control wpcf7-textarea\" aria-invalid=\"false\" placeholder=\"massege\" name=\"your-message\"><\/textarea><\/span>\n\t\t<\/p>\n\t<\/div>\n\t<div class=\"col-xs-12\">\n\t\t<p><button type=\"submit\" class=\"btn btn-lg btn-dark btn-classic btn-icon\" ><i class=\"fa fa-paper-plane\"><\/i><span>send<\/span><\/button>\n\t\t<\/p>\n\t<\/div>\n<\/div><div class=\"wpcf7-response-output\" aria-hidden=\"true\"><\/div>\n<\/form>\n<\/div>\n[\/vc_column][\/vc_row]<\/p>\n<\/div>","protected":false},"excerpt":{"rendered":"<p>[vc_row full_width=&#8221;stretch_row_content_no_spaces&#8221;][vc_column][g5plus_google_map markers=&#8221;%5B%7B%22lat%22%3A%2241.0214%22%2C%22lng%22%3A%2228.6307%22%2C%22icon%22%3A%22178%22%7D%5D&#8221; api_key=&#8221;AIzaSyBDGC07S_HKiM6qg_zoNkffqxTr1S1kuV0&#8243;][\/vc_column][\/vc_row][vc_row][vc_column][g5plus_space desktop=&#8221;100&#8243; tablet=&#8221;80&#8243; tablet_portrait=&#8221;60&#8243; mobile_landscape=&#8221;50&#8243; mobile=&#8221;40&#8243;][\/vc_column][vc_column offset=&#8221;vc_col-md-6&#8243;][g5plus_heading layout_style=&#8221;style2&#8243; title=&#8221;Contact Information&#8221; css=&#8221;.vc_custom_1621289278326{margin-bottom: 30px !important;}&#8221;][g5plus_icon_box layout_style=&#8221;layout-left&#8221; icon_font=&#8221;icon-location22&#8243; title=&#8221;Headquarters&#8221; description=&#8221;Burc Istanbul i\u015f merkezi G\u00f6kevler Mah, 2312 Sk. 18. Blok, ofis No. : 270 kat : 30 Beylikd\u00fcz\u00fc\/\u0130stanbul&#8221; css=&#8221;.vc_custom_1621289306902{margin-bottom: 50px !important;}&#8221;][g5plus_icon_box layout_style=&#8221;layout-left&#8221; icon_font=&#8221;&#8221; title=&#8221;Phone Numbers&#8221; description=&#8221;00905012111160&#8243; link=&#8221;url:http%3A%2F%2Fwa.me%2F905465103229|title:whatsapp&#8221; css=&#8221;.vc_custom_1645618604020{margin-bottom: 50px !important;}&#8221;][g5plus_icon_box layout_style=&#8221;layout-left&#8221; icon_font=&#8221;icon-mail-envelope-open2&#8243; title=&#8221;E-mail Address&#8221; description=&#8221;Info@ariogroup-tr.com&#8221; css=&#8221;.vc_custom_1602158341302{margin-bottom: [&hellip;]<\/p>\n","protected":false},"author":1,"featured_media":6872,"parent":0,"menu_order":0,"comment_status":"closed","ping_status":"closed","template":"","meta":{"footnotes":""},"class_list":["post-7710","page","type-page","status-publish","has-post-thumbnail","hentry"],"yoast_head":"<!-- This site is optimized with the Yoast SEO plugin v27.4 - https:\/\/yoast.com\/product\/yoast-seo-wordpress\/ -->\n<title>best of Turkey real estates get it by contacting us - Ario Real estates<\/title>\n<meta name=\"description\" content=\"Turkey real estates - Get the best housing and investment offers in Turkish cities \u0634\u0649\u064a Turkish citizenship\" \/>\n<meta name=\"robots\" content=\"index, follow, max-snippet:-1, max-image-preview:large, max-video-preview:-1\" \/>\n<link rel=\"canonical\" href=\"https:\/\/ariogroup-tr.com\/en\/contact\/\" \/>\n<meta property=\"og:locale\" content=\"en_US\" \/>\n<meta property=\"og:type\" content=\"article\" \/>\n<meta property=\"og:title\" content=\"best of Turkey real estates get it by contacting us - Ario Real estates\" \/>\n<meta property=\"og:description\" content=\"Turkey real estates - Get the best housing and investment offers in Turkish cities \u0634\u0649\u064a Turkish citizenship\" \/>\n<meta property=\"og:url\" content=\"https:\/\/ariogroup-tr.com\/en\/contact\/\" \/>\n<meta property=\"og:site_name\" content=\"Ario Real estates\" \/>\n<meta property=\"article:modified_time\" content=\"2022-02-23T12:17:08+00:00\" \/>\n<meta property=\"og:image\" content=\"https:\/\/ariogroup-tr.com\/wp-content\/uploads\/2021\/01\/\u0644\u0648\u063a\u0648-\u062c\u062f\u064a\u062f.png\" \/>\n\t<meta property=\"og:image:width\" content=\"2667\" \/>\n\t<meta property=\"og:image:height\" content=\"2667\" \/>\n\t<meta property=\"og:image:type\" content=\"image\/png\" \/>\n<meta name=\"twitter:card\" content=\"summary_large_image\" \/>\n<meta name=\"twitter:label1\" content=\"Est. reading time\" \/>\n\t<meta name=\"twitter:data1\" content=\"1 minute\" \/>\n<script type=\"application\/ld+json\" class=\"yoast-schema-graph\">{\"@context\":\"https:\\\/\\\/schema.org\",\"@graph\":[{\"@type\":\"WebPage\",\"@id\":\"https:\\\/\\\/ariogroup-tr.com\\\/en\\\/contact\\\/\",\"url\":\"https:\\\/\\\/ariogroup-tr.com\\\/en\\\/contact\\\/\",\"name\":\"best of Turkey real estates get it by contacting us - Ario Real estates\",\"isPartOf\":{\"@id\":\"https:\\\/\\\/ariogroup-tr.com\\\/#website\"},\"primaryImageOfPage\":{\"@id\":\"https:\\\/\\\/ariogroup-tr.com\\\/en\\\/contact\\\/#primaryimage\"},\"image\":{\"@id\":\"https:\\\/\\\/ariogroup-tr.com\\\/en\\\/contact\\\/#primaryimage\"},\"thumbnailUrl\":\"https:\\\/\\\/ariogroup-tr.com\\\/wp-content\\\/uploads\\\/2021\\\/01\\\/\u0644\u0648\u063a\u0648-\u062c\u062f\u064a\u062f.png\",\"datePublished\":\"2016-12-02T02:27:28+00:00\",\"dateModified\":\"2022-02-23T12:17:08+00:00\",\"description\":\"Turkey real estates - Get the best housing and investment offers in Turkish cities \u0634\u0649\u064a Turkish citizenship\",\"breadcrumb\":{\"@id\":\"https:\\\/\\\/ariogroup-tr.com\\\/en\\\/contact\\\/#breadcrumb\"},\"inLanguage\":\"en-US\",\"potentialAction\":[{\"@type\":\"ReadAction\",\"target\":[\"https:\\\/\\\/ariogroup-tr.com\\\/en\\\/contact\\\/\"]}]},{\"@type\":\"ImageObject\",\"inLanguage\":\"en-US\",\"@id\":\"https:\\\/\\\/ariogroup-tr.com\\\/en\\\/contact\\\/#primaryimage\",\"url\":\"https:\\\/\\\/ariogroup-tr.com\\\/wp-content\\\/uploads\\\/2021\\\/01\\\/\u0644\u0648\u063a\u0648-\u062c\u062f\u064a\u062f.png\",\"contentUrl\":\"https:\\\/\\\/ariogroup-tr.com\\\/wp-content\\\/uploads\\\/2021\\\/01\\\/\u0644\u0648\u063a\u0648-\u062c\u062f\u064a\u062f.png\",\"width\":2667,\"height\":2667,\"caption\":\"\u0623\u0631\u064a\u0648 \u0627\u0644\u0639\u0642\u0627\u0631\u064a\u0629\"},{\"@type\":\"BreadcrumbList\",\"@id\":\"https:\\\/\\\/ariogroup-tr.com\\\/en\\\/contact\\\/#breadcrumb\",\"itemListElement\":[{\"@type\":\"ListItem\",\"position\":1,\"name\":\"\u0627\u0644\u0631\u0626\u064a\u0633\u064a\u0629\",\"item\":\"https:\\\/\\\/ariogroup-tr.com\\\/en\\\/\"},{\"@type\":\"ListItem\",\"position\":2,\"name\":\"Contact us\"}]},{\"@type\":\"WebSite\",\"@id\":\"https:\\\/\\\/ariogroup-tr.com\\\/#website\",\"url\":\"https:\\\/\\\/ariogroup-tr.com\\\/\",\"name\":\"Ario Real estates\",\"description\":\"\u0645\u0633\u062a\u0634\u0627\u0631\u0643 \u0627\u0644\u0639\u0642\u0627\u0631\u064a \u0641\u064a \u062a\u0631\u0643\u064a\u0627\",\"potentialAction\":[{\"@type\":\"SearchAction\",\"target\":{\"@type\":\"EntryPoint\",\"urlTemplate\":\"https:\\\/\\\/ariogroup-tr.com\\\/?s={search_term_string}\"},\"query-input\":{\"@type\":\"PropertyValueSpecification\",\"valueRequired\":true,\"valueName\":\"search_term_string\"}}],\"inLanguage\":\"en-US\"}]}<\/script>\n<!-- \/ Yoast SEO plugin. -->","yoast_head_json":{"title":"best of Turkey real estates get it by contacting us - Ario Real estates","description":"Turkey real estates - Get the best housing and investment offers in Turkish cities \u0634\u0649\u064a Turkish citizenship","robots":{"index":"index","follow":"follow","max-snippet":"max-snippet:-1","max-image-preview":"max-image-preview:large","max-video-preview":"max-video-preview:-1"},"canonical":"https:\/\/ariogroup-tr.com\/en\/contact\/","og_locale":"en_US","og_type":"article","og_title":"best of Turkey real estates get it by contacting us - Ario Real estates","og_description":"Turkey real estates - Get the best housing and investment offers in Turkish cities \u0634\u0649\u064a Turkish citizenship","og_url":"https:\/\/ariogroup-tr.com\/en\/contact\/","og_site_name":"Ario Real estates","article_modified_time":"2022-02-23T12:17:08+00:00","og_image":[{"width":2667,"height":2667,"url":"https:\/\/ariogroup-tr.com\/wp-content\/uploads\/2021\/01\/\u0644\u0648\u063a\u0648-\u062c\u062f\u064a\u062f.png","type":"image\/png"}],"twitter_card":"summary_large_image","twitter_misc":{"Est. reading time":"1 minute"},"schema":{"@context":"https:\/\/schema.org","@graph":[{"@type":"WebPage","@id":"https:\/\/ariogroup-tr.com\/en\/contact\/","url":"https:\/\/ariogroup-tr.com\/en\/contact\/","name":"best of Turkey real estates get it by contacting us - Ario Real estates","isPartOf":{"@id":"https:\/\/ariogroup-tr.com\/#website"},"primaryImageOfPage":{"@id":"https:\/\/ariogroup-tr.com\/en\/contact\/#primaryimage"},"image":{"@id":"https:\/\/ariogroup-tr.com\/en\/contact\/#primaryimage"},"thumbnailUrl":"https:\/\/ariogroup-tr.com\/wp-content\/uploads\/2021\/01\/\u0644\u0648\u063a\u0648-\u062c\u062f\u064a\u062f.png","datePublished":"2016-12-02T02:27:28+00:00","dateModified":"2022-02-23T12:17:08+00:00","description":"Turkey real estates - Get the best housing and investment offers in Turkish cities \u0634\u0649\u064a Turkish citizenship","breadcrumb":{"@id":"https:\/\/ariogroup-tr.com\/en\/contact\/#breadcrumb"},"inLanguage":"en-US","potentialAction":[{"@type":"ReadAction","target":["https:\/\/ariogroup-tr.com\/en\/contact\/"]}]},{"@type":"ImageObject","inLanguage":"en-US","@id":"https:\/\/ariogroup-tr.com\/en\/contact\/#primaryimage","url":"https:\/\/ariogroup-tr.com\/wp-content\/uploads\/2021\/01\/\u0644\u0648\u063a\u0648-\u062c\u062f\u064a\u062f.png","contentUrl":"https:\/\/ariogroup-tr.com\/wp-content\/uploads\/2021\/01\/\u0644\u0648\u063a\u0648-\u062c\u062f\u064a\u062f.png","width":2667,"height":2667,"caption":"\u0623\u0631\u064a\u0648 \u0627\u0644\u0639\u0642\u0627\u0631\u064a\u0629"},{"@type":"BreadcrumbList","@id":"https:\/\/ariogroup-tr.com\/en\/contact\/#breadcrumb","itemListElement":[{"@type":"ListItem","position":1,"name":"\u0627\u0644\u0631\u0626\u064a\u0633\u064a\u0629","item":"https:\/\/ariogroup-tr.com\/en\/"},{"@type":"ListItem","position":2,"name":"Contact us"}]},{"@type":"WebSite","@id":"https:\/\/ariogroup-tr.com\/#website","url":"https:\/\/ariogroup-tr.com\/","name":"Ario Real estates","description":"\u0645\u0633\u062a\u0634\u0627\u0631\u0643 \u0627\u0644\u0639\u0642\u0627\u0631\u064a \u0641\u064a \u062a\u0631\u0643\u064a\u0627","potentialAction":[{"@type":"SearchAction","target":{"@type":"EntryPoint","urlTemplate":"https:\/\/ariogroup-tr.com\/?s={search_term_string}"},"query-input":{"@type":"PropertyValueSpecification","valueRequired":true,"valueName":"search_term_string"}}],"inLanguage":"en-US"}]}},"_links":{"self":[{"href":"https:\/\/ariogroup-tr.com\/en\/wp-json\/wp\/v2\/pages\/7710","targetHints":{"allow":["GET"]}}],"collection":[{"href":"https:\/\/ariogroup-tr.com\/en\/wp-json\/wp\/v2\/pages"}],"about":[{"href":"https:\/\/ariogroup-tr.com\/en\/wp-json\/wp\/v2\/types\/page"}],"author":[{"embeddable":true,"href":"https:\/\/ariogroup-tr.com\/en\/wp-json\/wp\/v2\/users\/1"}],"replies":[{"embeddable":true,"href":"https:\/\/ariogroup-tr.com\/en\/wp-json\/wp\/v2\/comments?post=7710"}],"version-history":[{"count":9,"href":"https:\/\/ariogroup-tr.com\/en\/wp-json\/wp\/v2\/pages\/7710\/revisions"}],"predecessor-version":[{"id":28155,"href":"https:\/\/ariogroup-tr.com\/en\/wp-json\/wp\/v2\/pages\/7710\/revisions\/28155"}],"wp:featuredmedia":[{"embeddable":true,"href":"https:\/\/ariogroup-tr.com\/en\/wp-json\/wp\/v2\/media\/6872"}],"wp:attachment":[{"href":"https:\/\/ariogroup-tr.com\/en\/wp-json\/wp\/v2\/media?parent=7710"}],"curies":[{"name":"wp","href":"https:\/\/api.w.org\/{rel}","templated":true}]}}